{"id":57,"date":"2021-10-06T19:35:07","date_gmt":"2021-10-06T16:35:07","guid":{"rendered":"https:\/\/finikeiletisim.com.tr\/?page_id=57"},"modified":"2021-10-08T20:30:12","modified_gmt":"2021-10-08T17:30:12","slug":"home","status":"publish","type":"page","link":"https:\/\/finikeiletisim.com.tr\/","title":{"rendered":"Ana Sayfa"},"content":{"rendered":"\n\n\n<h3>Ho\u015fgeldiniz<\/h3>\n\n<p>Cep telefonu sekt\u00f6r\u00fcnde geli\u015fen teknolojilerle birlikte artan rekabet sonucu her g\u00fcn yeni bir telefon modeli piyasaya \u00e7\u0131k\u0131yor. Markalar b\u00f6yle bir yar\u0131\u015f\u0131n i\u00e7erisinde k\u0131yas\u0131ya m\u00fccadele ederken, cihazlar\u0131n\u0131n \u00f6zelliklerini s\u00fcrekli art\u0131rmak zorunda kal\u0131yorlar. H\u00e2l b\u00f6yle olunca, cihazlara eklenen yeni \u00f6zellikleri yak\u0131ndan takip etmek zorla\u015f\u0131yor. Ak\u0131ll\u0131 telefonlar\u0131n el de\u011fi\u015ftirme s\u00fcresinin k\u0131sald\u0131\u011f\u0131 \u015fu d\u00f6nemde, mevcut telefonunu sat\u0131p yeni bir model almak isteyen kullan\u0131c\u0131lar kendileri i\u00e7in g\u00fcvenli bir platform ar\u0131yorlar. \u0130kinci el telefon al\u0131m-sat\u0131m\u0131 yapan bir\u00e7ok yer m\u00fc\u015fterisine sat\u0131\u015f \u00f6ncesi ve sonras\u0131 g\u00fcvence veremedi\u011finden, elindeki telefonu satmak isteyen kullan\u0131c\u0131 teredd\u00fct ya\u015f\u0131yor. B\u00fct\u00fcn bu ihtiya\u00e7lar\u0131 g\u00f6z \u00f6n\u00fcne alarak kurdu\u011fumuz telefon sat sistemi ile b\u00fct\u00fcn s\u00fcreci g\u00fcvenli hale getiriyoruz.<\/p><br> <h5>G\u00fcvendemisiniz<\/h5> \n<p>Bize telefonunu satmak isteyen her m\u00fc\u015fterimizle yapt\u0131\u011f\u0131m\u0131z i\u015flemler kay\u0131t alt\u0131na al\u0131nmaktad\u0131r. Telefonu ald\u0131\u011f\u0131m\u0131z ki\u015finin bilgileri veritaban\u0131m\u0131zda saklanmaktad\u0131r. Telefon sat\u0131\u015f i\u015flemi ger\u00e7ekle\u015ftikten hemen sonra sahip oldu\u011fumuz \u00f6zel yaz\u0131l\u0131m ile cihazdaki b\u00fct\u00fcn verileri kal\u0131c\u0131 olarak silmekteyiz. B\u00f6ylece telefonunu satan ki\u015finin verilerine ula\u015fmak imk\u00e2ns\u0131z hale gelmektedir.<\/p>\n\n\n\n\n\n\n\n\n\n\n\n\n\n<h3>IME NEdir?<\/h3>\n\n<p>Hepimizin bir kimlik numaras\u0131 oldu\u011fu gibi b\u00fct\u00fcn mobil telefonlar\u0131n veya 3G\/4G gibi internet ba\u011flant\u0131s\u0131 olan tabletlerin de kendilerine \u00f6zel bir numaras\u0131 vard\u0131r ki buna IMEI (International Mobile Equipment Identity) denir. IMEI numaras\u0131 15 haneden olu\u015fur ve belli bir sistematik d\u00e2hilinde cihaz\u0131n modeli, orijini ve seri numaras\u0131 gibi bilgilerden olu\u015fur. \u0130ster Android ister iOS (iPhone, iPad vb.) tabanl\u0131 veya ba\u015fka i\u015fletim sistemlerine sahip olsun cihazlar\u0131n kimlik numaralar\u0131 olan IMEI sadece o cihaza mahsustur ve \u00fcretim a\u015famas\u0131nda y\u00fcklenir. Bu numara vas\u0131tas\u0131yla GSM operat\u00f6rleri cihazlar\u0131 tan\u0131r, e\u011fer cihazda \u00e7al\u0131nt\u0131 vb. hukuk d\u0131\u015f\u0131l\u0131k varsa bloke edebilir.<\/p>\n\n<h2>2005<\/h2>\n\n\n\n\n\n\n\n\n\n\n<h3>BAZI H\u0130ZMETLER\u0130M\u0130Z<\/h3>\n\n<p style=\"text-align: center; \">Bir\u00e7ok hizmetimizidan baz\u0131lar\u0131 a\u015fa\u011f\u0131da g\u00f6rebilirsiniz..<\/p>\n\n\nMarka \u00e7e\u015fitli\u011finin \u00e7ok oldu\u011fu bir d\u00f6nemdeyiz ama nerdeyse b\u00fct\u00fcn marklar\u0131n telefonlar\u0131 elimizde mevcut ayr\u0131ca ikinci el cep telefonu al\u0131m\u0131 \/ sat\u0131m\u0131 da yapmaktay\u0131z\n\n\n<p>Abonelik i\u015flemleri \/ Fatural\u0131 Hat i\u015flemleri \/ Haz\u0131r Kart i\u015flemleri \/ Hat ayarlar\u0131n\u0131 nas\u0131l yapabilece\u011finiz \u00f6\u011frenebilir, Numara ta\u015f\u0131ma ile ilgili merak etti\u011finiz \u015feyleri bulabiliriz.<\/p>\n\n\n<p>Hayat\u0131m\u0131z\u0131n vazge\u00e7ilmezi haline gelen mobil cihazlar\u0131m\u0131z i\u00e7in klasik, modern, s\u0131ra d\u0131\u015f\u0131 ve l\u00fcks modelleri rahatl\u0131kla ve uygun fiyatlara bulabilece\u011finiz .<\/p>\n\n\n\n\n\n\n<h3>Neler yap\u0131yoruz<\/h3>\n\n<p style=\"text-align: center; \">Bizim i\u015fimiz sadece telefon satmak de\u011fil ba\u015fka i\u015flerimizde var..<\/p>\n\n\n<h3>Sat\u0131\u015f Sonras\u0131 destek<\/h3>\n\n<p style=\"text-align: center; \">Bir telefonu aksesuar\u0131 satmak la i\u015fin bitmedi\u011fini biz biliyoruz satt\u0131ktan sonrada destek vermeye devam ediyoruz..<\/p>\n\n\n<h3>M\u00fc\u015fteri memuniyeti<\/h3>\n\n<p style=\"text-align: center; \">%100 M\u00fc\u015fteri memnuniyeti ni \u00f6nemseyerek buna g\u00f6re \u00e7al\u0131\u015fmaya devam ediyoruz..  <\/p>\n\n\n<h3>Dan\u0131\u015fmal\u0131k<\/h3>\n\n<p style=\"text-align: center; \">Telefon olur aksesuarlar\u0131 olur gerekse hatt\u0131n\u0131zla ilgili sorunlar\u0131n olsun bize sorup dan\u0131\u015f\u0131p profesyonel bir destek alabilirsiniz..<\/p>\n\n\n<h3>Toplumsal sorumluluk<\/h3>\n\n<p style=\"text-align: center; \">Finikede \u00fcst\u00fcm\u00fcze d\u00fc\u015fen toplumsal sorumlukuk alanlar\u0131m\u0131za giren her konuda elimizi ta\u015f\u0131n alt\u0131na koymaktan \u00e7ekinmiyoruz..<\/p>\n\n\n\n\n\n\n<h3>Telefon Modelleri<\/h3>\n\n<p style=\"text-align: center; \">Baz\u0131 Modelleri<\/p>\n\n\n\n\n\n\n\n\n\n\n\n\n\n\n\n\n\n\n\n\n\n\n\n\n\n\n\n\n\n\n\n\n\n\n\n\n\n\n\n<h3>M\u00fc\u015fteri DEneyimleri<\/h3>\n\n\n\n\n\n\n<p style=\"text-align: center; \"><span style=\"color: rgb(255, 255, 255);\">D\u00fcn Hafta sonu Finike&#8217;de tatildeyken  telefonumuz ar\u0131zaland\u0131 yeni bir telefon almam\u0131z gerekiyordu umutsuzca Finike ileti\u015fimi arad\u0131k durumumuzu anlatt\u0131k sa\u011f olsun geldi bizim i\u00e7in d\u00fckkan\u0131 a\u00e7t\u0131 fiyatlar\u0131da \u00e7ok uygundu \u00e7ok te\u015fekk\u00fcr ediyorum.   <\/span><\/p>\n<p style=\"text-align: center; \"><span style=\"color: rgb(255, 255, 255);\">M\u00fc\u015fteri ile ilgili, alakal\u0131 ve sayg\u0131l\u0131 bir i\u015fletme,i\u015flerinde de olduk\u00e7a ba\u015far\u0131l\u0131lar. Bir daha i\u015fim olursa ilk tercihim buras\u0131 olacakt\u0131r. \u0130n\u015fallah hep b\u00f6yle kal\u0131rlar. Te\u015fekk\u00fcrler.<\/span><\/p>\n<p style=\"text-align: center; \"><span style=\"color: rgb(255, 255, 255);\">Harika bir i\u015fletme y\u0131llard\u0131r g\u00fcvenle telefonlar\u0131m\u0131 bu i\u015fletmeden al\u0131p bu i\u015fletmeye tamirlerimi yaptririm.kimi y\u00f6nlendirdiysem tekrar d\u00f6n\u00fc\u015f yap\u0131p te\u015fekk\u00fcr ettiler. \u015eiddetle tavsiye ederim<\/span><\/p>\n\n\n\n\n\n\n\n","protected":false},"excerpt":{"rendered":"","protected":false},"author":1,"featured_media":0,"parent":0,"menu_order":0,"comment_status":"closed","ping_status":"closed","template":"","meta":[],"_links":{"self":[{"href":"https:\/\/finikeiletisim.com.tr\/index.php?rest_route=\/wp\/v2\/pages\/57"}],"collection":[{"href":"https:\/\/finikeiletisim.com.tr\/index.php?rest_route=\/wp\/v2\/pages"}],"about":[{"href":"https:\/\/finikeiletisim.com.tr\/index.php?rest_route=\/wp\/v2\/types\/page"}],"author":[{"embeddable":true,"href":"https:\/\/finikeiletisim.com.tr\/index.php?rest_route=\/wp\/v2\/users\/1"}],"replies":[{"embeddable":true,"href":"https:\/\/finikeiletisim.com.tr\/index.php?rest_route=%2Fwp%2Fv2%2Fcomments&post=57"}],"version-history":[{"count":13,"href":"https:\/\/finikeiletisim.com.tr\/index.php?rest_route=\/wp\/v2\/pages\/57\/revisions"}],"predecessor-version":[{"id":110,"href":"https:\/\/finikeiletisim.com.tr\/index.php?rest_route=\/wp\/v2\/pages\/57\/revisions\/110"}],"wp:attachment":[{"href":"https:\/\/finikeiletisim.com.tr\/index.php?rest_route=%2Fwp%2Fv2%2Fmedia&parent=57"}],"curies":[{"name":"wp","href":"https:\/\/api.w.org\/{rel}","templated":true}]}}