{"id":55,"date":"2021-10-06T19:35:07","date_gmt":"2021-10-06T16:35:07","guid":{"rendered":"https:\/\/finikeiletisim.com.tr\/?page_id=55"},"modified":"2021-10-08T21:31:16","modified_gmt":"2021-10-08T18:31:16","slug":"processes","status":"publish","type":"page","link":"https:\/\/finikeiletisim.com.tr\/?page_id=55","title":{"rendered":"Hizmetlerimiz"},"content":{"rendered":"\n\n\n<h3>B\u00fct\u00fcn hizmetlerimiz<\/h3>\n\n<p style=\"text-align: center; \">Telefon ile ilgili nerdeyse b\u00fct\u00fcn hizmetleri veriyoruz ayr\u0131 ayr\u0131 a\u015fa\u011f\u0131da belirtiyoruz..<\/p>\n\n\n<h5><span style=\"color: #f8c176; font-size:32px;\">1. <\/span>Telefon Sat\u0131\u015f\u0131<\/h5>\n\n\n<p style=\"text-align: center; \">Nulla in ultrices lacus. Aenean nec dapibus ex. Pellentesque sollicitudin pellentesque commodo. Suspendisse pulvinar vitae justo sit amet finibus. Quisque volutpat a nisi feugiat cursus. Duis euismod quis est ut vestibulum. Nunc ullamcorper enim non urna consectetur fermentum. Aliquam sit amet suscipit quam. Nunc venenatis sit amet leo non suscipit. Aenean cursus lorem eu augue condimentum, non maximus lectus dignissim. Suspendisse mattis nulla vitae egestas placerat. Curabitur volutpat mi non congue luctus.<\/p><span style=\"font-size: 12px;\"><\/span><span style=\"font-size: 12px;\"><\/span>\n\n\n\n\n\n\n\n\n\n\n\n\n\n\n\n\n\n\n\n\n\n\n\n\n\n\n\n\n\n\n\n\n\n\n\n\n\n\n\n\n\n\n\n\n\n\n\n\n\n\n\n\n\n\n\n\n\n\n\n\n\n\n\n\n\n\n\n\n\n\n\n\n\n\n\n\n\n\n\n\n\n\n\n\n\n\n\n\n\n\n\n<h5><span style=\"color: #f8c176; font-size:32px;\">2. <\/span>hat i\u015flemleri<\/h5>\n\n\n<p style=\"text-align: center; \">Nulla in ultrices lacus. Aenean nec dapibus ex. Pellentesque sollicitudin pellentesque commodo. Suspendisse pulvinar vitae justo sit amet finibus. Quisque volutpat a nisi feugiat cursus. Duis euismod quis est ut vestibulum. Nunc ullamcorper enim non urna consectetur fermentum. Aliquam sit amet suscipit quam. Nunc venenatis sit amet leo non suscipit. Aenean cursus lorem eu augue condimentum, non maximus lectus dignissim. Suspendisse mattis nulla vitae egestas placerat. Curabitur volutpat mi non congue luctus.<\/p><span style=\"font-size: 12px;\"><\/span><span style=\"font-size: 12px;\"><\/span>\n\n\n\n\n\n<h5><span style=\"color: #f8c176; font-size:32px;\">5. <\/span>turkcell ma\u011fazas\u0131<\/h5>\n\n\n<p style=\"text-align: center; \">Nulla in ultrices lacus. Aenean nec dapibus ex. Pellentesque sollicitudin pellentesque commodo. Suspendisse pulvinar vitae justo sit amet finibus. Quisque volutpat a nisi feugiat cursus. Duis euismod quis est ut vestibulum. Nunc ullamcorper enim non urna consectetur fermentum. Aliquam sit amet suscipit quam. Nunc venenatis sit amet leo non suscipit. Aenean cursus lorem eu augue condimentum, non maximus lectus dignissim. Suspendisse mattis nulla vitae egestas placerat. Curabitur volutpat mi non congue luctus.<\/p><span style=\"font-size: 12px;\"><\/span><span style=\"font-size: 12px;\"><\/span>\n\n\n\n\n\n\n\n\n\n\n\n\n\n\n\n\n\n\n\n\n\n\n\n\n\n\n\n\n\n\n\n\n\n\n\n\n\n\n\n\n\n\n\n\n\n\n\n\n<h5><span style=\"color: #f8c176; font-size:32px;\">3. <\/span>2.El Al\u0131m \/ sat\u0131m\u0131<\/h5>\n\n\n<p style=\"text-align: center; \">Nulla in ultrices lacus. Aenean nec dapibus ex. Pellentesque sollicitudin pellentesque commodo. Suspendisse pulvinar vitae justo sit amet finibus. Quisque volutpat a nisi feugiat cursus. Duis euismod quis est ut vestibulum. Nunc ullamcorper enim non urna consectetur fermentum. Aliquam sit amet suscipit quam. Nunc venenatis sit amet leo non suscipit. Aenean cursus lorem eu augue condimentum, non maximus lectus dignissim. Suspendisse mattis nulla vitae egestas placerat. Curabitur volutpat mi non congue luctus.<\/p><span style=\"font-size: 12px;\"><\/span><span style=\"font-size: 12px;\"><\/span>\n\n\n\n\n\n\n\n\n\n\n\n\n\n\n\n\n\n\n\n\n\n\n\n\n\n\n\n\n\n\n\n\n\n\n\n\n\n\n\n\n\n\n\n\n\n\n\n\n\n\n\n\n\n\n\n\n\n\n\n\n\n\n\n\n\n\n\n\n\n\n\n\n\n\n\n\n\n\n\n\n\n\n\n\n\n\n\n\n\n\n\n<h5><span style=\"color: #f8c176; font-size:32px;\">4. <\/span>Telefon aksesuarlar\u0131<\/h5>\n\n\n<p style=\"text-align: center; \">Nulla in ultrices lacus. Aenean nec dapibus ex. Pellentesque sollicitudin pellentesque commodo. Suspendisse pulvinar vitae justo sit amet finibus. Quisque volutpat a nisi feugiat cursus. Duis euismod quis est ut vestibulum. Nunc ullamcorper enim non urna consectetur fermentum. Aliquam sit amet suscipit quam. Nunc venenatis sit amet leo non suscipit. Aenean cursus lorem eu augue condimentum, non maximus lectus dignissim. Suspendisse mattis nulla vitae egestas placerat. Curabitur volutpat mi non congue luctus.<\/p><span style=\"font-size: 12px;\"><\/span><span style=\"font-size: 12px;\"><\/span>\n\n\n\n\n\n\n\n\n\n\n\n\n<h1>FATURA \u00d6DEME<\/h1>\n\n\n\n","protected":false},"excerpt":{"rendered":"","protected":false},"author":1,"featured_media":0,"parent":0,"menu_order":0,"comment_status":"closed","ping_status":"closed","template":"","meta":[],"_links":{"self":[{"href":"https:\/\/finikeiletisim.com.tr\/index.php?rest_route=\/wp\/v2\/pages\/55"}],"collection":[{"href":"https:\/\/finikeiletisim.com.tr\/index.php?rest_route=\/wp\/v2\/pages"}],"about":[{"href":"https:\/\/finikeiletisim.com.tr\/index.php?rest_route=\/wp\/v2\/types\/page"}],"author":[{"embeddable":true,"href":"https:\/\/finikeiletisim.com.tr\/index.php?rest_route=\/wp\/v2\/users\/1"}],"replies":[{"embeddable":true,"href":"https:\/\/finikeiletisim.com.tr\/index.php?rest_route=%2Fwp%2Fv2%2Fcomments&post=55"}],"version-history":[{"count":6,"href":"https:\/\/finikeiletisim.com.tr\/index.php?rest_route=\/wp\/v2\/pages\/55\/revisions"}],"predecessor-version":[{"id":121,"href":"https:\/\/finikeiletisim.com.tr\/index.php?rest_route=\/wp\/v2\/pages\/55\/revisions\/121"}],"wp:attachment":[{"href":"https:\/\/finikeiletisim.com.tr\/index.php?rest_route=%2Fwp%2Fv2%2Fmedia&parent=55"}],"curies":[{"name":"wp","href":"https:\/\/api.w.org\/{rel}","templated":true}]}}