{"id":54,"date":"2021-10-06T19:35:07","date_gmt":"2021-10-06T16:35:07","guid":{"rendered":"https:\/\/finikeiletisim.com.tr\/?page_id=54"},"modified":"2021-10-08T15:03:52","modified_gmt":"2021-10-08T12:03:52","slug":"contact","status":"publish","type":"page","link":"https:\/\/finikeiletisim.com.tr\/?page_id=54","title":{"rendered":"\u0130leti\u015fim"},"content":{"rendered":"\n\n\n<h3>Bizimle ileti\u015fime ge\u00e7in<\/h3>\n\n\n\n<p>Bizimle ileti\u015fime ge\u00e7menizi bekliyoruz akl\u0131n\u0131za tak\u0131lan sorular varsa bunlar\u0131 zevkle cevaplayacak personelimiz var..&nbsp;<\/p>\n\n\n\n\n\n{&#8220;title&#8221;:&#8221;\u0130leti\u015fim Formu&#8221;,&#8221;form_id&#8221;:&#8221;86&#8243;}\n\n\n\n\n\n\nFinike \u0130leti\u015fim Turkcell\n\n\n","protected":false},"excerpt":{"rendered":"","protected":false},"author":1,"featured_media":0,"parent":0,"menu_order":0,"comment_status":"closed","ping_status":"closed","template":"","meta":[],"_links":{"self":[{"href":"https:\/\/finikeiletisim.com.tr\/index.php?rest_route=\/wp\/v2\/pages\/54"}],"collection":[{"href":"https:\/\/finikeiletisim.com.tr\/index.php?rest_route=\/wp\/v2\/pages"}],"about":[{"href":"https:\/\/finikeiletisim.com.tr\/index.php?rest_route=\/wp\/v2\/types\/page"}],"author":[{"embeddable":true,"href":"https:\/\/finikeiletisim.com.tr\/index.php?rest_route=\/wp\/v2\/users\/1"}],"replies":[{"embeddable":true,"href":"https:\/\/finikeiletisim.com.tr\/index.php?rest_route=%2Fwp%2Fv2%2Fcomments&post=54"}],"version-history":[{"count":6,"href":"https:\/\/finikeiletisim.com.tr\/index.php?rest_route=\/wp\/v2\/pages\/54\/revisions"}],"predecessor-version":[{"id":87,"href":"https:\/\/finikeiletisim.com.tr\/index.php?rest_route=\/wp\/v2\/pages\/54\/revisions\/87"}],"wp:attachment":[{"href":"https:\/\/finikeiletisim.com.tr\/index.php?rest_route=%2Fwp%2Fv2%2Fmedia&parent=54"}],"curies":[{"name":"wp","href":"https:\/\/api.w.org\/{rel}","templated":true}]}}